{"id":7,"date":"2018-02-16T15:39:15","date_gmt":"2018-02-16T14:39:15","guid":{"rendered":"http:\/\/asso-rct.org\/?page_id=7"},"modified":"2025-06-11T23:13:15","modified_gmt":"2025-06-11T21:13:15","slug":"accueil","status":"publish","type":"page","link":"https:\/\/asso-rct.org\/","title":{"rendered":"Asso &#8211; RCT"},"content":{"rendered":"<h3 style=\"text-align: left;\"><span style=\"color: #3366ff;\"><strong>Soutien Scolaire pour les 6 &#8211; 12 ans<\/strong><\/span><\/h3>\n<ul>\n<li style=\"list-style-type: none;\">\n<ul>\n<li style=\"list-style-type: none;\">\n<ul>\n<li style=\"text-align: left;\"><strong><span style=\"color: #333333;\">Vous avez besoin de conseils pour aider votre enfant.<\/span><\/strong><\/li>\n<li style=\"text-align: left;\"><strong><span style=\"color: #333333;\">Nous proposons une p\u00e9dagogie bienveillante et ludique.<\/span><\/strong><\/li>\n<\/ul>\n<\/li>\n<\/ul>\n<\/li>\n<\/ul>\n<p><strong><span style=\"color: #ff6600;\">Si votre enfant a besoin d\u2019aide.<br \/>Si vous voulez discuter.<br \/>Si vous voulez vous engager.<br \/>Contactez nous !<\/span><\/strong><\/p>\n<hr \/>\n<h4 style=\"text-align: left;\">\u00a0<\/h4>\n<p style=\"text-align: center;\">\u00a0<\/p>\n<pre style=\"text-align: left;\">\u00a0<\/pre>\n\n\n<pre class=\"wp-block-preformatted\"><strong>Asso-RCT - R\u00e9ussir, une Chance pour Tous<\/strong><br>info@asso-rct.org <br>06 51 75 40 11 <br>2, Rue du Cavalier<br>68330 Huningue               <\/pre>\n\n\n\n<figure class=\"wp-block-gallery has-nested-images columns-default is-cropped wp-block-gallery-1 is-layout-flex wp-block-gallery-is-layout-flex\">\n<figure class=\"wp-block-image size-large\"><img loading=\"lazy\" decoding=\"async\" width=\"1024\" height=\"768\" data-id=\"238\" src=\"https:\/\/asso-rct.org\/wp-content\/uploads\/2019\/04\/Asso-RCT_local-1024x768.jpg\" alt=\"\" class=\"wp-image-238\" srcset=\"https:\/\/asso-rct.org\/wp-content\/uploads\/2019\/04\/Asso-RCT_local-1024x768.jpg 1024w, https:\/\/asso-rct.org\/wp-content\/uploads\/2019\/04\/Asso-RCT_local-300x225.jpg 300w, https:\/\/asso-rct.org\/wp-content\/uploads\/2019\/04\/Asso-RCT_local-768x576.jpg 768w\" sizes=\"auto, (max-width: 1024px) 100vw, 1024px\" \/><\/figure>\n\n\n\n<figure class=\"wp-block-image size-large\"><img loading=\"lazy\" decoding=\"async\" width=\"1024\" height=\"768\" data-id=\"260\" src=\"https:\/\/asso-rct.org\/wp-content\/uploads\/2019\/04\/IMG_0017-1024x768.jpg\" alt=\"\" class=\"wp-image-260\" srcset=\"https:\/\/asso-rct.org\/wp-content\/uploads\/2019\/04\/IMG_0017-1024x768.jpg 1024w, https:\/\/asso-rct.org\/wp-content\/uploads\/2019\/04\/IMG_0017-300x225.jpg 300w, https:\/\/asso-rct.org\/wp-content\/uploads\/2019\/04\/IMG_0017-768x576.jpg 768w\" sizes=\"auto, (max-width: 1024px) 100vw, 1024px\" \/><\/figure>\n<\/figure>\n\n\n\n<p><\/p>\n\n\n\n<p>. . .<\/p>\n\n\n\n<p><\/p>\n\n\n\n<figure><iframe id=\"haWidget\" allowtransparency=\"true\" src=\"https:\/\/www.helloasso.com\/associations\/reussir-une-chance-pour-tous\/formulaires\/1\/widget-bouton\" style=\"width:100%;height:70px;border:none;\"><\/iframe><\/figure>\n\n\n<p><iframe id=\"haWidget\" allowtransparency=\"true\" src=\"https:\/\/www.helloasso.com\/associations\/reussir-une-chance-pour-tous\/adhesions\/adhesion-a-l-asso-rct\/widget-bouton\" style=\"width:100%;height:70px;border:none;\"><\/iframe><\/p>\n\n\n\n<div style=\"width:100%;text-align:center;\">Don et adh\u00e9sion en ligne s\u00e9curis\u00e9, propuls\u00e9 par <a href=\"https:\/\/www.helloasso.com\" rel=\"nofollow\">HelloAsso<\/a><\/div>\n\n\n\n<p><\/p>\n","protected":false},"excerpt":{"rendered":"<p>Soutien Scolaire pour les 6 &#8211; 12 ans Vous avez besoin de conseils pour aider votre enfant. Nous proposons une p\u00e9dagogie bienveillante et ludique. Si votre enfant a besoin d\u2019aide.Si vous voulez discuter.Si vous voulez vous engager.Contactez nous ! \u00a0 \u00a0 \u00a0 . . . Don et adh\u00e9sion en ligne s\u00e9curis\u00e9, propuls\u00e9 par HelloAsso<\/p>\n","protected":false},"author":1,"featured_media":0,"parent":0,"menu_order":0,"comment_status":"closed","ping_status":"closed","template":"","meta":{"footnotes":""},"class_list":["post-7","page","type-page","status-publish","hentry"],"_links":{"self":[{"href":"https:\/\/asso-rct.org\/index.php\/wp-json\/wp\/v2\/pages\/7","targetHints":{"allow":["GET"]}}],"collection":[{"href":"https:\/\/asso-rct.org\/index.php\/wp-json\/wp\/v2\/pages"}],"about":[{"href":"https:\/\/asso-rct.org\/index.php\/wp-json\/wp\/v2\/types\/page"}],"author":[{"embeddable":true,"href":"https:\/\/asso-rct.org\/index.php\/wp-json\/wp\/v2\/users\/1"}],"replies":[{"embeddable":true,"href":"https:\/\/asso-rct.org\/index.php\/wp-json\/wp\/v2\/comments?post=7"}],"version-history":[{"count":71,"href":"https:\/\/asso-rct.org\/index.php\/wp-json\/wp\/v2\/pages\/7\/revisions"}],"predecessor-version":[{"id":363,"href":"https:\/\/asso-rct.org\/index.php\/wp-json\/wp\/v2\/pages\/7\/revisions\/363"}],"wp:attachment":[{"href":"https:\/\/asso-rct.org\/index.php\/wp-json\/wp\/v2\/media?parent=7"}],"curies":[{"name":"wp","href":"https:\/\/api.w.org\/{rel}","templated":true}]}}